{"id":164,"date":"2025-12-03T07:33:25","date_gmt":"2025-12-03T10:33:25","guid":{"rendered":"https:\/\/devivo.letsite.com.br\/?page_id=164"},"modified":"2026-03-12T07:19:41","modified_gmt":"2026-03-12T10:19:41","slug":"politicas","status":"publish","type":"page","link":"https:\/\/devivo.letsite.com.br\/en\/politicas\/","title":{"rendered":"Pol\u00edticas"},"content":{"rendered":"<ul>\n<li><a href=\"\/wp-content\/uploads\/2026\/03\/Aviso-de-Privacidade-Site-De-Vivo-rev-novembro-2024.pdf\">Aviso de Privacidade<\/a><\/li>\n<li><a href=\"\/wp-content\/uploads\/2026\/03\/Codigo-de-Conduta-DeVivoCastro-Advogados.pdf\">C\u00f3digo de Conduta<\/a><\/li>\n<li><a href=\"\/wp-content\/uploads\/2026\/03\/Politica-de-Gestao-de-Consequencias-DeVivoCastro-Advogados.pdf\">Pol\u00edtica de Gest\u00e3o de Consequ\u00eancias<\/a><\/li>\n<li><a href=\"\/wp-content\/uploads\/2026\/03\/POLITICA-DE-INTEGRIDADE-ANTICORRUPCAO-DeVivoCastro-Advogados.pdf\">Pol\u00edtica de Integridade Anticorrup\u00e7\u00e3o<\/a><\/li>\n<li><a href=\"\/wp-content\/uploads\/2026\/03\/Politica-Socioambiental-DeVivoCastro-Advogados.pdf\">Pol\u00edtica Socioambiental<\/a><\/li>\n<li><a href=\"https:\/\/devivo.letsite.com.br\/wp-content\/uploads\/2026\/03\/PSI-01-Politica-de-Seguranca-da-Informacao-DeVivoCastro-Advogados.pdf\">Pol\u00edtica de Seguran\u00e7a da Informa\u00e7\u00e3o<\/a><\/li>\n<\/ul>\n","protected":false},"excerpt":{"rendered":"<p>Aviso de Privacidade C\u00f3digo de Conduta Pol\u00edtica de Gest\u00e3o de Consequ\u00eancias Pol\u00edtica de Integridade Anticorrup\u00e7\u00e3o Pol\u00edtica Socioambiental [&hellip;]<\/p>\n","protected":false},"author":1,"featured_media":183,"parent":0,"menu_order":0,"comment_status":"closed","ping_status":"closed","template":"page-politicas.php","meta":{"_acf_changed":false,"footnotes":""},"class_list":["post-164","page","type-page","status-publish","has-post-thumbnail","hentry"],"acf":[],"_links":{"self":[{"href":"https:\/\/devivo.letsite.com.br\/en\/wp-json\/wp\/v2\/pages\/164","targetHints":{"allow":["GET"]}}],"collection":[{"href":"https:\/\/devivo.letsite.com.br\/en\/wp-json\/wp\/v2\/pages"}],"about":[{"href":"https:\/\/devivo.letsite.com.br\/en\/wp-json\/wp\/v2\/types\/page"}],"author":[{"embeddable":true,"href":"https:\/\/devivo.letsite.com.br\/en\/wp-json\/wp\/v2\/users\/1"}],"replies":[{"embeddable":true,"href":"https:\/\/devivo.letsite.com.br\/en\/wp-json\/wp\/v2\/comments?post=164"}],"version-history":[{"count":2,"href":"https:\/\/devivo.letsite.com.br\/en\/wp-json\/wp\/v2\/pages\/164\/revisions"}],"predecessor-version":[{"id":2186,"href":"https:\/\/devivo.letsite.com.br\/en\/wp-json\/wp\/v2\/pages\/164\/revisions\/2186"}],"wp:featuredmedia":[{"embeddable":true,"href":"https:\/\/devivo.letsite.com.br\/en\/wp-json\/wp\/v2\/media\/183"}],"wp:attachment":[{"href":"https:\/\/devivo.letsite.com.br\/en\/wp-json\/wp\/v2\/media?parent=164"}],"curies":[{"name":"wp","href":"https:\/\/api.w.org\/{rel}","templated":true}]}}