{"id":11,"date":"2025-12-02T19:01:10","date_gmt":"2025-12-02T22:01:10","guid":{"rendered":"https:\/\/devivo.letsite.com.br\/?page_id=11"},"modified":"2026-02-18T20:04:59","modified_gmt":"2026-02-18T23:04:59","slug":"quem-somos","status":"publish","type":"page","link":"https:\/\/devivo.letsite.com.br\/es\/quem-somos\/","title":{"rendered":"Quienes somos"},"content":{"rendered":"<p><strong><span dir=\"auto\">De Vivo, Castro, Cunha e Whitaker Advogados<\/span><\/strong><span dir=\"auto\"> \u00a0(<\/span><strong><span dir=\"auto\">De Vivo, Castro Advogados<\/span><\/strong><span dir=\"auto\">) fue fundada en 1997 y desde entonces ha asesorado y ayudado a sus clientes a alcanzar sus objetivos, maximizar sus\u00a0 oportunidades\u00a0<\/span><strong><span dir=\"auto\">de negocio<\/span><\/strong><span dir=\"auto\">\u00a0y comprender y controlar los riesgos.<\/span><\/p>\n<p><span dir=\"auto\">Nuestro esp\u00edritu emprendedor y la experiencia adquirida como clientes\u00a0 <\/span><span dir=\"auto\">(<\/span><span dir=\"auto\">gran parte de nuestro equipo trabaj\u00f3 en empresas multinacionales) nos califican para brindar servicios que realmente faciliten y ayuden a nuestros clientes en su toma de decisiones.<\/span><\/p>\n<p><span dir=\"auto\">Operamos en diversas \u00e1reas del derecho y combinamos nuestra profunda capacidad t\u00e9cnica y <\/span><strong><span dir=\"auto\">perspicacia\u00a0<\/span><\/strong><strong><span dir=\"auto\">empresarial<\/span><\/strong><span dir=\"auto\"> con flexibilidad y compromiso. Somos capaces de encontrar <\/span><strong><span dir=\"auto\">soluciones pr\u00e1cticas y efectivas<\/span><\/strong><span dir=\"auto\"> para cualquier tipo de caso que involucre cuestiones legales, desde las m\u00e1s simples hasta las m\u00e1s complejas, enfoc\u00e1ndonos siempre en su\u00a0<\/span><strong><span dir=\"auto\">negocio<\/span><\/strong><span dir=\"auto\"> y en lo que realmente\u00a0<\/span><strong><span dir=\"auto\">importa<\/span><\/strong><span dir=\"auto\">\u00a0.<\/span><\/p>\n<p>Somos \u00e9ticos, leales e \u00edntegros, porque tan importante como lo que hacemos es c\u00f3mo lo hacemos.<\/p>\n<p><span dir=\"auto\">Sabemos que cada caso es \u00fanico y que cada cliente tiene sus propias necesidades espec\u00edficas. Sabemos <\/span><strong><span dir=\"auto\">escuchar<\/span><\/strong><span dir=\"auto\"> y hacer las preguntas que nos ayudar\u00e1n\u00a0<\/span><strong><span dir=\"auto\">a comprender su negocio<\/span><\/strong><span dir=\"auto\">, sus necesidades, su perfil y sus objetivos. Somos\u00a0<\/span><strong><span dir=\"auto\">did\u00e1cticos<\/span><\/strong><span dir=\"auto\">, adaptables y proactivos. <\/span><strong><span dir=\"auto\">Aprendemos de nuestros clientes<\/span><\/strong><span dir=\"auto\">. Hablamos y escribimos un portugu\u00e9s sencillo y directo. <\/span><strong><span dir=\"auto\">No perdemos el tiempo<\/span><\/strong><span dir=\"auto\">. Nos aseguramos de que cada paso o actividad se comunique con prontitud, siempre de la manera m\u00e1s precisa y <\/span><strong><span dir=\"auto\">transparente<\/span><\/strong><span dir=\"auto\">\u00a0posible.<\/span><\/p>\n<p><span dir=\"auto\">Fomentamos la iniciativa y la colaboraci\u00f3n a trav\u00e9s de un <\/span><strong><span dir=\"auto\">entorno de trabajo diverso, inclusivo y acogedor<\/span><\/strong><span dir=\"auto\"> que permite el intercambio de conocimientos, oportunidades e innovaci\u00f3n. Somos\u00a0<\/span><strong><span dir=\"auto\">plurales<\/span><\/strong><span dir=\"auto\">\u00a0y estamos orgullosos de los\u00a0<\/span><strong><span dir=\"auto\">variados or\u00edgenes, caracter\u00edsticas, elecciones y experiencias de nuestros miembros<\/span><\/strong><span dir=\"auto\">, y creemos que nuestra <\/span><strong><span dir=\"auto\">fuerza<\/span><\/strong><span dir=\"auto\"> reside precisamente en nuestro\u00a0<\/span><strong><span dir=\"auto\">equipo<\/span><\/strong><span dir=\"auto\"> y en c\u00f3mo se respeta. Nos comprometemos a reclutar, guiar, retener y promover a nuestros profesionales siempre de acuerdo con criterios meritocr\u00e1ticos, justos y transparentes.<\/span><\/p>\n<p><span dir=\"auto\">Pero somos mucho m\u00e1s que abogados y administradores: somos <\/span><strong><span dir=\"auto\">PERSONAS<\/span><\/strong><span dir=\"auto\">. Nuestra misi\u00f3n es garantizar que cada uno de nosotros pueda <\/span><strong><span dir=\"auto\">equilibrar la vida personal y profesional<\/span><\/strong><span dir=\"auto\">. Permitir el \u00e9xito de nuestro equipo significa permitirles <\/span><strong><span dir=\"auto\">alcanzar la realizaci\u00f3n personal.<\/span><\/strong><span dir=\"auto\">\u00a0Y que esto se transmita de alguna manera a nuestros clientes y a la sociedad en su conjunto.<\/span><\/p>\n<p><strong><span dir=\"auto\">Nos enorgullece tener nuestra empresa a su servicio.<\/span><\/strong><\/p>","protected":false},"excerpt":{"rendered":"<p>Nuestra visi\u00f3n de negocio a su servicio.<\/p>\n","protected":false},"author":1,"featured_media":220,"parent":0,"menu_order":0,"comment_status":"closed","ping_status":"closed","template":"page-sobre.php","meta":{"_acf_changed":false,"footnotes":""},"class_list":["post-11","page","type-page","status-publish","has-post-thumbnail","hentry"],"acf":[],"_links":{"self":[{"href":"https:\/\/devivo.letsite.com.br\/es\/wp-json\/wp\/v2\/pages\/11","targetHints":{"allow":["GET"]}}],"collection":[{"href":"https:\/\/devivo.letsite.com.br\/es\/wp-json\/wp\/v2\/pages"}],"about":[{"href":"https:\/\/devivo.letsite.com.br\/es\/wp-json\/wp\/v2\/types\/page"}],"author":[{"embeddable":true,"href":"https:\/\/devivo.letsite.com.br\/es\/wp-json\/wp\/v2\/users\/1"}],"replies":[{"embeddable":true,"href":"https:\/\/devivo.letsite.com.br\/es\/wp-json\/wp\/v2\/comments?post=11"}],"version-history":[{"count":13,"href":"https:\/\/devivo.letsite.com.br\/es\/wp-json\/wp\/v2\/pages\/11\/revisions"}],"predecessor-version":[{"id":2077,"href":"https:\/\/devivo.letsite.com.br\/es\/wp-json\/wp\/v2\/pages\/11\/revisions\/2077"}],"wp:featuredmedia":[{"embeddable":true,"href":"https:\/\/devivo.letsite.com.br\/es\/wp-json\/wp\/v2\/media\/220"}],"wp:attachment":[{"href":"https:\/\/devivo.letsite.com.br\/es\/wp-json\/wp\/v2\/media?parent=11"}],"curies":[{"name":"wp","href":"https:\/\/api.w.org\/{rel}","templated":true}]}}