{"id":21,"date":"2025-12-02T19:02:05","date_gmt":"2025-12-02T22:02:05","guid":{"rendered":"https:\/\/devivo.letsite.com.br\/?page_id=21"},"modified":"2026-01-16T18:27:56","modified_gmt":"2026-01-16T21:27:56","slug":"carreiras","status":"publish","type":"page","link":"https:\/\/devivo.letsite.com.br\/es\/carreiras\/","title":{"rendered":"Carreras"},"content":{"rendered":"<p>Si quieres desarrollar tu carrera en una oficina que fomenta la iniciativa y la colaboraci\u00f3n en un entorno laboral diverso, inclusivo y acogedor, completa el formulario y env\u00eda tu curr\u00edculum. \u00a1\u00danete a nuestro equipo!<\/p>","protected":false},"excerpt":{"rendered":"<p>Somos  plurales  y estamos orgullosos de los  variados or\u00edgenes, caracter\u00edsticas, elecciones y experiencias de nuestros miembros.<\/p>\n","protected":false},"author":1,"featured_media":131,"parent":0,"menu_order":0,"comment_status":"closed","ping_status":"closed","template":"page-carreiras.php","meta":{"_acf_changed":false,"footnotes":""},"class_list":["post-21","page","type-page","status-publish","has-post-thumbnail","hentry"],"acf":[],"_links":{"self":[{"href":"https:\/\/devivo.letsite.com.br\/es\/wp-json\/wp\/v2\/pages\/21","targetHints":{"allow":["GET"]}}],"collection":[{"href":"https:\/\/devivo.letsite.com.br\/es\/wp-json\/wp\/v2\/pages"}],"about":[{"href":"https:\/\/devivo.letsite.com.br\/es\/wp-json\/wp\/v2\/types\/page"}],"author":[{"embeddable":true,"href":"https:\/\/devivo.letsite.com.br\/es\/wp-json\/wp\/v2\/users\/1"}],"replies":[{"embeddable":true,"href":"https:\/\/devivo.letsite.com.br\/es\/wp-json\/wp\/v2\/comments?post=21"}],"version-history":[{"count":2,"href":"https:\/\/devivo.letsite.com.br\/es\/wp-json\/wp\/v2\/pages\/21\/revisions"}],"predecessor-version":[{"id":1813,"href":"https:\/\/devivo.letsite.com.br\/es\/wp-json\/wp\/v2\/pages\/21\/revisions\/1813"}],"wp:featuredmedia":[{"embeddable":true,"href":"https:\/\/devivo.letsite.com.br\/es\/wp-json\/wp\/v2\/media\/131"}],"wp:attachment":[{"href":"https:\/\/devivo.letsite.com.br\/es\/wp-json\/wp\/v2\/media?parent=21"}],"curies":[{"name":"wp","href":"https:\/\/api.w.org\/{rel}","templated":true}]}}